{"id":2007,"date":"2025-03-25T12:43:13","date_gmt":"2025-03-25T12:43:13","guid":{"rendered":"https:\/\/sucesso.gbcreative.com.br\/loclux\/?post_type=product&#038;p=2007"},"modified":"2025-05-20T18:09:53","modified_gmt":"2025-05-20T18:09:53","slug":"almoxarifado","status":"publish","type":"product","link":"https:\/\/sucesso.gbcreative.com.br\/loclux\/produto\/almoxarifado\/","title":{"rendered":"Almoxarifado"},"content":{"rendered":"<div>\n<p class=\"titulo-descricao-produto\">Acess\u00f3rios<\/p>\n<ul>\n<li style=\"font-weight: 400;\" aria-level=\"1\"><span style=\"font-weight: 400;\">01 Porta de 2000x1000mm\u00a0<\/span><\/li>\n<li style=\"font-weight: 400;\" aria-level=\"1\"><span style=\"font-weight: 400;\">01 Janela de1000x1000mm\u00a0<\/span><\/li>\n<li style=\"font-weight: 400;\" aria-level=\"1\"><span style=\"font-weight: 400;\">03 l\u00e2mpadas internas\u00a0<\/span><\/li>\n<li style=\"font-weight: 400;\" aria-level=\"1\"><span style=\"font-weight: 400;\">01 Tomada baixa de 3000mm de altura do piso\u00a0<\/span><\/li>\n<li style=\"font-weight: 400;\" aria-level=\"1\"><span style=\"font-weight: 400;\">01 Ponto de rede de dados baixa a 3000mm de altura do piso\u00a0<\/span><\/li>\n<li style=\"font-weight: 400;\" aria-level=\"1\"><span style=\"font-weight: 400;\">01 Tomada Alta para ar-condicionado\u00a0<\/span><\/li>\n<li style=\"font-weight: 400;\" aria-level=\"1\"><span style=\"font-weight: 400;\">01 Tomada Alta para luz de emerg\u00eancia sobre a porta\u00a0<\/span><\/li>\n<li style=\"font-weight: 400;\" aria-level=\"1\"><span style=\"font-weight: 400;\">Rede el\u00e9trica 220v\u00a0<\/span><\/li>\n<li style=\"font-weight: 400;\" aria-level=\"1\"><span style=\"font-weight: 400;\">Fornecimento Lumin\u00e1rias internas de embutir em LED do tipo plafon (03 unidades de 24W);\u00a0<\/span><\/li>\n<li style=\"font-weight: 400;\" aria-level=\"1\"><span style=\"font-weight: 400;\">Pr\u00e9-instala\u00e7\u00e3o de lumin\u00e1ria interna de emerg\u00eancia sobre v\u00e3o de acesso; (Obs n\u00e3o fornecer lumin\u00e1ria de Emerg\u00eancia)\u00a0<\/span><\/li>\n<li style=\"font-weight: 400;\" aria-level=\"1\"><span style=\"font-weight: 400;\">Pr\u00e9-instala\u00e7\u00e3o para infra seca para rede de dados (Obs. N\u00e3o passar cabo de rede)\u00a0<\/span><\/li>\n<li style=\"font-weight: 400;\" aria-level=\"1\"><span style=\"font-weight: 400;\">Pr\u00e9-instala\u00e7\u00e3o de cabeamento para aparelho de climatiza\u00e7\u00e3o split ou ACJ at\u00e9 de 12.000btus (Obs.: n\u00e3o realizar abertura para ar ACJ ou split)\u00a0<\/span><\/li>\n<li style=\"font-weight: 400;\" aria-level=\"1\"><span style=\"font-weight: 400;\">Carregamento do m\u00f3dulo em carreta ou caminh\u00e3o caso seja necess\u00e1rio.\u00a0<\/span><\/li>\n<\/ul>\n<\/div>\n<div>\n<p class=\"titulo-descricao-produto\">Itens n\u00e3o inclusos<\/p>\n<p><span style=\"font-weight: 400;\">Revestimento interno Chapa de Drywall Standard nas paredes com cor branca gelo ou similar. <\/span><\/p>\n<p class=\"titulo-descricao-produto\">Possibilidade de acoplar com outros m\u00f3dulos.<\/p>\n<p><a class=\"saiba-mais-acoplados\" href=\"\/loclux#acoplados\">Saiba mais<\/a><\/p>\n<p class=\"titulo-descricao-produto\">Informa\u00e7\u00f5es importantes:<\/p>\n<p>Ap\u00f3s solicitar cota\u00e7\u00e3o, nossa equipe comercial entrar\u00e1 em contato para concluir especifica\u00e7\u00f5es do projeto, tr\u00e2mites financeiros, log\u00edsticos e prazo de entrega.<\/p>\n<\/div>\n","protected":false},"excerpt":{"rendered":"<p class=\"titulo-descricao-produto\">Produ\u00e7\u00e3o de m\u00f3dulo para loca\u00e7\u00e3o sobre base met\u00e1lica, modelo:<\/p>\n<p>Codigo 02 &#8211; Almoxarifado<br \/>\nDimens\u00f5es externa 2,64m Larg x 6,14m Comp. x 2,87 Alt. )<br \/>\nDimens\u00f5es Interna 2,50m Larg x 6,00m Comp. x 2,50 Alt. )<\/p>\n<p class=\"titulo-descricao-produto\"><b>Itens inclusos\u00a0<\/b><br \/>\n<b>Revestimentos:\u00a0<\/b><\/p>\n<ul>\n<li style=\"font-weight: 400;\" aria-level=\"1\"><span style=\"font-weight: 400;\">Paredes com pain\u00e9is Flexmade Aparentes<\/span><\/li>\n<li>Placa cimenticia aparente com revestimento de piso ceramica.<\/li>\n<li>Forro em r\u00e9guas de PVC branco liso no teto, Recomendado a pagina\u00e7\u00e3o ser pelo menor lado (2,50m);<\/li>\n<li>Ponto acima da porta para l\u00e2mpada de Emerg\u00eancia Plug and play<\/li>\n<\/ul>\n","protected":false},"featured_media":2006,"comment_status":"open","ping_status":"closed","template":"","meta":[],"product_brand":[],"product_cat":[31],"product_tag":[],"class_list":{"0":"post-2007","1":"product","2":"type-product","3":"status-publish","4":"has-post-thumbnail","6":"product_cat-modulo-vazio-sem-acabamento-interno","8":"first","9":"instock","10":"shipping-taxable","11":"purchasable","12":"product-type-variable"},"yoast_head":"<!-- This site is optimized with the Yoast SEO plugin v25.1 - https:\/\/yoast.com\/wordpress\/plugins\/seo\/ -->\n<title>Almoxarifado - LocLux<\/title>\n<meta name=\"robots\" content=\"noindex, follow, max-snippet:-1, max-image-preview:large, max-video-preview:-1\" \/>\n<meta property=\"og:locale\" content=\"pt_BR\" \/>\n<meta property=\"og:type\" content=\"article\" \/>\n<meta property=\"og:title\" content=\"Almoxarifado - LocLux\" \/>\n<meta property=\"og:description\" content=\"Produ\u00e7\u00e3o de m\u00f3dulo para loca\u00e7\u00e3o sobre base met\u00e1lica, modelo: Codigo 02 - Almoxarifado Dimens\u00f5es externa 2,64m Larg x 6,14m Comp. x 2,87 Alt. ) Dimens\u00f5es Interna 2,50m Larg x 6,00m Comp. x 2,50 Alt. ) Itens inclusos\u00a0 Revestimentos:\u00a0    Paredes com pain\u00e9is Flexmade Aparentes  Placa cimenticia aparente com revestimento de piso ceramica.  Forro em r\u00e9guas de PVC branco liso no teto, Recomendado a pagina\u00e7\u00e3o ser pelo menor lado (2,50m);  Ponto acima da porta para l\u00e2mpada de Emerg\u00eancia Plug and play\" \/>\n<meta property=\"og:url\" content=\"https:\/\/sucesso.gbcreative.com.br\/loclux\/produto\/almoxarifado\/\" \/>\n<meta property=\"og:site_name\" content=\"LocLux\" \/>\n<meta property=\"article:modified_time\" content=\"2025-05-20T18:09:53+00:00\" \/>\n<meta property=\"og:image\" content=\"https:\/\/sucesso.gbcreative.com.br\/loclux\/wp-content\/uploads\/2025\/03\/loclux_02_1.png\" \/>\n\t<meta property=\"og:image:width\" content=\"532\" \/>\n\t<meta property=\"og:image:height\" content=\"393\" \/>\n\t<meta property=\"og:image:type\" content=\"image\/png\" \/>\n<meta name=\"twitter:card\" content=\"summary_large_image\" \/>\n<meta name=\"twitter:label1\" content=\"Est. tempo de leitura\" \/>\n\t<meta name=\"twitter:data1\" content=\"2 minutos\" \/>\n<script type=\"application\/ld+json\" class=\"yoast-schema-graph\">{\"@context\":\"https:\/\/schema.org\",\"@graph\":[{\"@type\":\"WebPage\",\"@id\":\"https:\/\/sucesso.gbcreative.com.br\/loclux\/produto\/almoxarifado\/\",\"url\":\"https:\/\/sucesso.gbcreative.com.br\/loclux\/produto\/almoxarifado\/\",\"name\":\"Almoxarifado - LocLux\",\"isPartOf\":{\"@id\":\"https:\/\/sucesso.gbcreative.com.br\/loclux\/#website\"},\"primaryImageOfPage\":{\"@id\":\"https:\/\/sucesso.gbcreative.com.br\/loclux\/produto\/almoxarifado\/#primaryimage\"},\"image\":{\"@id\":\"https:\/\/sucesso.gbcreative.com.br\/loclux\/produto\/almoxarifado\/#primaryimage\"},\"thumbnailUrl\":\"https:\/\/sucesso.gbcreative.com.br\/loclux\/wp-content\/uploads\/2025\/03\/loclux_02_1.png\",\"datePublished\":\"2025-03-25T12:43:13+00:00\",\"dateModified\":\"2025-05-20T18:09:53+00:00\",\"breadcrumb\":{\"@id\":\"https:\/\/sucesso.gbcreative.com.br\/loclux\/produto\/almoxarifado\/#breadcrumb\"},\"inLanguage\":\"pt-BR\",\"potentialAction\":[{\"@type\":\"ReadAction\",\"target\":[\"https:\/\/sucesso.gbcreative.com.br\/loclux\/produto\/almoxarifado\/\"]}]},{\"@type\":\"ImageObject\",\"inLanguage\":\"pt-BR\",\"@id\":\"https:\/\/sucesso.gbcreative.com.br\/loclux\/produto\/almoxarifado\/#primaryimage\",\"url\":\"https:\/\/sucesso.gbcreative.com.br\/loclux\/wp-content\/uploads\/2025\/03\/loclux_02_1.png\",\"contentUrl\":\"https:\/\/sucesso.gbcreative.com.br\/loclux\/wp-content\/uploads\/2025\/03\/loclux_02_1.png\",\"width\":532,\"height\":393},{\"@type\":\"BreadcrumbList\",\"@id\":\"https:\/\/sucesso.gbcreative.com.br\/loclux\/produto\/almoxarifado\/#breadcrumb\",\"itemListElement\":[{\"@type\":\"ListItem\",\"position\":1,\"name\":\"In\u00edcio\",\"item\":\"https:\/\/sucesso.gbcreative.com.br\/loclux\/\"},{\"@type\":\"ListItem\",\"position\":2,\"name\":\"Loja\",\"item\":\"https:\/\/sucesso.gbcreative.com.br\/loclux\/loja\/\"},{\"@type\":\"ListItem\",\"position\":3,\"name\":\"Almoxarifado\"}]},{\"@type\":\"WebSite\",\"@id\":\"https:\/\/sucesso.gbcreative.com.br\/loclux\/#website\",\"url\":\"https:\/\/sucesso.gbcreative.com.br\/loclux\/\",\"name\":\"LocLux\",\"description\":\"\",\"publisher\":{\"@id\":\"https:\/\/sucesso.gbcreative.com.br\/loclux\/#organization\"},\"potentialAction\":[{\"@type\":\"SearchAction\",\"target\":{\"@type\":\"EntryPoint\",\"urlTemplate\":\"https:\/\/sucesso.gbcreative.com.br\/loclux\/?s={search_term_string}\"},\"query-input\":{\"@type\":\"PropertyValueSpecification\",\"valueRequired\":true,\"valueName\":\"search_term_string\"}}],\"inLanguage\":\"pt-BR\"},{\"@type\":\"Organization\",\"@id\":\"https:\/\/sucesso.gbcreative.com.br\/loclux\/#organization\",\"name\":\"LocLux\",\"url\":\"https:\/\/sucesso.gbcreative.com.br\/loclux\/\",\"logo\":{\"@type\":\"ImageObject\",\"inLanguage\":\"pt-BR\",\"@id\":\"https:\/\/sucesso.gbcreative.com.br\/loclux\/#\/schema\/logo\/image\/\",\"url\":\"https:\/\/sucesso.gbcreative.com.br\/loclux\/wp-content\/uploads\/2025\/02\/logo.png\",\"contentUrl\":\"https:\/\/sucesso.gbcreative.com.br\/loclux\/wp-content\/uploads\/2025\/02\/logo.png\",\"width\":141,\"height\":81,\"caption\":\"LocLux\"},\"image\":{\"@id\":\"https:\/\/sucesso.gbcreative.com.br\/loclux\/#\/schema\/logo\/image\/\"}}]}<\/script>\n<!-- \/ Yoast SEO plugin. -->","yoast_head_json":{"title":"Almoxarifado - LocLux","robots":{"index":"noindex","follow":"follow","max-snippet":"max-snippet:-1","max-image-preview":"max-image-preview:large","max-video-preview":"max-video-preview:-1"},"og_locale":"pt_BR","og_type":"article","og_title":"Almoxarifado - LocLux","og_description":"Produ\u00e7\u00e3o de m\u00f3dulo para loca\u00e7\u00e3o sobre base met\u00e1lica, modelo: Codigo 02 - Almoxarifado Dimens\u00f5es externa 2,64m Larg x 6,14m Comp. x 2,87 Alt. ) Dimens\u00f5es Interna 2,50m Larg x 6,00m Comp. x 2,50 Alt. ) Itens inclusos\u00a0 Revestimentos:\u00a0    Paredes com pain\u00e9is Flexmade Aparentes  Placa cimenticia aparente com revestimento de piso ceramica.  Forro em r\u00e9guas de PVC branco liso no teto, Recomendado a pagina\u00e7\u00e3o ser pelo menor lado (2,50m);  Ponto acima da porta para l\u00e2mpada de Emerg\u00eancia Plug and play","og_url":"https:\/\/sucesso.gbcreative.com.br\/loclux\/produto\/almoxarifado\/","og_site_name":"LocLux","article_modified_time":"2025-05-20T18:09:53+00:00","og_image":[{"width":532,"height":393,"url":"https:\/\/sucesso.gbcreative.com.br\/loclux\/wp-content\/uploads\/2025\/03\/loclux_02_1.png","type":"image\/png"}],"twitter_card":"summary_large_image","twitter_misc":{"Est. tempo de leitura":"2 minutos"},"schema":{"@context":"https:\/\/schema.org","@graph":[{"@type":"WebPage","@id":"https:\/\/sucesso.gbcreative.com.br\/loclux\/produto\/almoxarifado\/","url":"https:\/\/sucesso.gbcreative.com.br\/loclux\/produto\/almoxarifado\/","name":"Almoxarifado - LocLux","isPartOf":{"@id":"https:\/\/sucesso.gbcreative.com.br\/loclux\/#website"},"primaryImageOfPage":{"@id":"https:\/\/sucesso.gbcreative.com.br\/loclux\/produto\/almoxarifado\/#primaryimage"},"image":{"@id":"https:\/\/sucesso.gbcreative.com.br\/loclux\/produto\/almoxarifado\/#primaryimage"},"thumbnailUrl":"https:\/\/sucesso.gbcreative.com.br\/loclux\/wp-content\/uploads\/2025\/03\/loclux_02_1.png","datePublished":"2025-03-25T12:43:13+00:00","dateModified":"2025-05-20T18:09:53+00:00","breadcrumb":{"@id":"https:\/\/sucesso.gbcreative.com.br\/loclux\/produto\/almoxarifado\/#breadcrumb"},"inLanguage":"pt-BR","potentialAction":[{"@type":"ReadAction","target":["https:\/\/sucesso.gbcreative.com.br\/loclux\/produto\/almoxarifado\/"]}]},{"@type":"ImageObject","inLanguage":"pt-BR","@id":"https:\/\/sucesso.gbcreative.com.br\/loclux\/produto\/almoxarifado\/#primaryimage","url":"https:\/\/sucesso.gbcreative.com.br\/loclux\/wp-content\/uploads\/2025\/03\/loclux_02_1.png","contentUrl":"https:\/\/sucesso.gbcreative.com.br\/loclux\/wp-content\/uploads\/2025\/03\/loclux_02_1.png","width":532,"height":393},{"@type":"BreadcrumbList","@id":"https:\/\/sucesso.gbcreative.com.br\/loclux\/produto\/almoxarifado\/#breadcrumb","itemListElement":[{"@type":"ListItem","position":1,"name":"In\u00edcio","item":"https:\/\/sucesso.gbcreative.com.br\/loclux\/"},{"@type":"ListItem","position":2,"name":"Loja","item":"https:\/\/sucesso.gbcreative.com.br\/loclux\/loja\/"},{"@type":"ListItem","position":3,"name":"Almoxarifado"}]},{"@type":"WebSite","@id":"https:\/\/sucesso.gbcreative.com.br\/loclux\/#website","url":"https:\/\/sucesso.gbcreative.com.br\/loclux\/","name":"LocLux","description":"","publisher":{"@id":"https:\/\/sucesso.gbcreative.com.br\/loclux\/#organization"},"potentialAction":[{"@type":"SearchAction","target":{"@type":"EntryPoint","urlTemplate":"https:\/\/sucesso.gbcreative.com.br\/loclux\/?s={search_term_string}"},"query-input":{"@type":"PropertyValueSpecification","valueRequired":true,"valueName":"search_term_string"}}],"inLanguage":"pt-BR"},{"@type":"Organization","@id":"https:\/\/sucesso.gbcreative.com.br\/loclux\/#organization","name":"LocLux","url":"https:\/\/sucesso.gbcreative.com.br\/loclux\/","logo":{"@type":"ImageObject","inLanguage":"pt-BR","@id":"https:\/\/sucesso.gbcreative.com.br\/loclux\/#\/schema\/logo\/image\/","url":"https:\/\/sucesso.gbcreative.com.br\/loclux\/wp-content\/uploads\/2025\/02\/logo.png","contentUrl":"https:\/\/sucesso.gbcreative.com.br\/loclux\/wp-content\/uploads\/2025\/02\/logo.png","width":141,"height":81,"caption":"LocLux"},"image":{"@id":"https:\/\/sucesso.gbcreative.com.br\/loclux\/#\/schema\/logo\/image\/"}}]}},"jetpack_sharing_enabled":true,"_links":{"self":[{"href":"https:\/\/sucesso.gbcreative.com.br\/loclux\/wp-json\/wp\/v2\/product\/2007","targetHints":{"allow":["GET"]}}],"collection":[{"href":"https:\/\/sucesso.gbcreative.com.br\/loclux\/wp-json\/wp\/v2\/product"}],"about":[{"href":"https:\/\/sucesso.gbcreative.com.br\/loclux\/wp-json\/wp\/v2\/types\/product"}],"replies":[{"embeddable":true,"href":"https:\/\/sucesso.gbcreative.com.br\/loclux\/wp-json\/wp\/v2\/comments?post=2007"}],"wp:featuredmedia":[{"embeddable":true,"href":"https:\/\/sucesso.gbcreative.com.br\/loclux\/wp-json\/wp\/v2\/media\/2006"}],"wp:attachment":[{"href":"https:\/\/sucesso.gbcreative.com.br\/loclux\/wp-json\/wp\/v2\/media?parent=2007"}],"wp:term":[{"taxonomy":"product_brand","embeddable":true,"href":"https:\/\/sucesso.gbcreative.com.br\/loclux\/wp-json\/wp\/v2\/product_brand?post=2007"},{"taxonomy":"product_cat","embeddable":true,"href":"https:\/\/sucesso.gbcreative.com.br\/loclux\/wp-json\/wp\/v2\/product_cat?post=2007"},{"taxonomy":"product_tag","embeddable":true,"href":"https:\/\/sucesso.gbcreative.com.br\/loclux\/wp-json\/wp\/v2\/product_tag?post=2007"}],"curies":[{"name":"wp","href":"https:\/\/api.w.org\/{rel}","templated":true}]}}