{"id":2038,"date":"2025-03-25T14:04:28","date_gmt":"2025-03-25T14:04:28","guid":{"rendered":"https:\/\/sucesso.gbcreative.com.br\/loclux\/?post_type=product&#038;p=2038"},"modified":"2025-05-16T20:02:38","modified_gmt":"2025-05-16T20:02:38","slug":"sanitario-chuveiro","status":"publish","type":"product","link":"https:\/\/sucesso.gbcreative.com.br\/loclux\/produto\/sanitario-chuveiro\/","title":{"rendered":"Sanit\u00e1rio Chuveiro"},"content":{"rendered":"<div>\n<p class=\"titulo-descricao-produto\">Acess\u00f3rios<\/p>\n<ul>\n<li style=\"font-weight: 400;\" aria-level=\"1\"><span style=\"font-weight: 400;\">01 Porta de 2000x1000mm\u00a0<\/span><\/li>\n<li style=\"font-weight: 400;\" aria-level=\"1\"><span style=\"font-weight: 400;\">02 Janela maxim-ar 1,00&#215;0,50m\u00a0<\/span><\/li>\n<li style=\"font-weight: 400;\" aria-level=\"1\"><span style=\"font-weight: 400;\">03 l\u00e2mpadas internas\u00a0<\/span><\/li>\n<li style=\"font-weight: 400;\" aria-level=\"1\"><span style=\"font-weight: 400;\">01 Tomada baixa de 3000mm de altura do piso\u00a0<\/span><\/li>\n<li style=\"font-weight: 400;\" aria-level=\"1\"><span style=\"font-weight: 400;\">01 Tomada Alta para luz de emerg\u00eancia sobre a porta\u00a0<\/span><\/li>\n<li style=\"font-weight: 400;\" aria-level=\"1\"><span style=\"font-weight: 400;\">Rede el\u00e9trica 220v\u00a0<\/span><\/li>\n<li style=\"font-weight: 400;\" aria-level=\"1\"><span style=\"font-weight: 400;\">Fornecimento Lumin\u00e1rias internas de embutir em LED do tipo plafon (03 unidades de 24W);\u00a0<\/span><\/li>\n<li style=\"font-weight: 400;\" aria-level=\"1\"><span style=\"font-weight: 400;\">Pr\u00e9-instala\u00e7\u00e3o de lumin\u00e1ria interna de emerg\u00eancia sobre v\u00e3o de acesso; (Obs n\u00e3o fornecer lumin\u00e1ria de Emerg\u00eancia)\u00a0<\/span><\/li>\n<li style=\"font-weight: 400;\" aria-level=\"1\"><span style=\"font-weight: 400;\">Carregamento do m\u00f3dulo em carreta ou caminh\u00e3o caso seja necess\u00e1rio. <\/span><\/li>\n<\/ul>\n<\/div>\n<div>\n<p class=\"titulo-descricao-produto\">Box Chuveiro<\/p>\n<ul>\n<li style=\"font-weight: 400;\" aria-level=\"1\"><span style=\"font-weight: 400;\">06 Banheiro com 1,25mx1,25m\u00a0<\/span><\/li>\n<li style=\"font-weight: 400;\" aria-level=\"1\"><span style=\"font-weight: 400;\">06 Porta medido 0,60mx2,10m\u00a0<\/span><\/li>\n<li style=\"font-weight: 400;\" aria-level=\"1\"><span style=\"font-weight: 400;\">06 Chuveiro quente completo\u00a0<\/span><\/li>\n<li style=\"font-weight: 400;\" aria-level=\"1\"><span style=\"font-weight: 400;\">02 Janela maxim-ar 1,00&#215;0,50m\u00a0<\/span><\/li>\n<li style=\"font-weight: 400;\" aria-level=\"1\"><span style=\"font-weight: 400;\">03 Lumin\u00e1rias internas de embutir em LED do tipo plafon (03 unidades de 24W);\u00a0<\/span><\/li>\n<li style=\"font-weight: 400;\" aria-level=\"1\"><span style=\"font-weight: 400;\">01 Interruptor conjugado com tomada\u00a0<\/span><\/li>\n<li style=\"font-weight: 400;\" aria-level=\"1\"><span style=\"font-weight: 400;\">06 saboneteiras <\/span><\/li>\n<\/ul>\n<p>&nbsp;<\/p>\n<p class=\"titulo-descricao-produto\">Possibilidade de acoplar com outros m\u00f3dulos.<\/p>\n<p><a class=\"saiba-mais-acoplados\" href=\"\/loclux#acoplados\">Saiba mais<\/a><\/p>\n<p class=\"titulo-descricao-produto\">Informa\u00e7\u00f5es importantes:<\/p>\n<p>Ap\u00f3s solicitar cota\u00e7\u00e3o, nossa equipe comercial entrar\u00e1 em contato para concluir especifica\u00e7\u00f5es do projeto, tr\u00e2mites financeiros, log\u00edsticos e prazo de entrega.<\/p>\n<\/div>\n","protected":false},"excerpt":{"rendered":"<p class=\"titulo-descricao-produto\">Produ\u00e7\u00e3o de m\u00f3dulo para loca\u00e7\u00e3o sobre base met\u00e1lica, modelo:<\/p>\n<p>Codigo 14 &#8211; Sanit\u00e1rio Chuveiro<br \/>\nDimens\u00f5es externa 2,64m Larg x 6,14m Comp. x 2,87 Alt.<br \/>\nDimens\u00f5es Interna 2,50m Larg x 6,00m Comp. x 2,50 Alt.\u00a0 )<\/p>\n<p class=\"titulo-descricao-produto\"><b>Itens inclusos\u00a0<\/b><br \/>\n<b>Revestimentos:\u00a0<\/b><\/p>\n<ul>\n<li style=\"font-weight: 400;\" aria-level=\"1\"><span style=\"font-weight: 400;\">Paredes com pain\u00e9is Flexmade Aparentes<\/span><\/li>\n<li>Placa cimenticia aparente com revestimento de piso cer\u00e2mica<\/li>\n<li>Forro em r\u00e9guas de PVC branco liso no teto, Recomendado a pagina\u00e7\u00e3o ser pelo menor lado (2,50m)<\/li>\n<li>Ponto acima da porta para l\u00e2mpada de Emerg\u00eancia Plug and play<\/li>\n<\/ul>\n","protected":false},"featured_media":3134,"comment_status":"open","ping_status":"closed","template":"","meta":[],"product_brand":[],"product_cat":[31],"product_tag":[],"class_list":{"0":"post-2038","1":"product","2":"type-product","3":"status-publish","4":"has-post-thumbnail","6":"product_cat-modulo-vazio-sem-acabamento-interno","8":"first","9":"instock","10":"shipping-taxable","11":"purchasable","12":"product-type-variable"},"yoast_head":"<!-- This site is optimized with the Yoast SEO plugin v25.1 - https:\/\/yoast.com\/wordpress\/plugins\/seo\/ -->\n<title>Sanit\u00e1rio Chuveiro - LocLux<\/title>\n<meta name=\"robots\" content=\"noindex, follow, max-snippet:-1, max-image-preview:large, max-video-preview:-1\" \/>\n<meta property=\"og:locale\" content=\"pt_BR\" \/>\n<meta property=\"og:type\" content=\"article\" \/>\n<meta property=\"og:title\" content=\"Sanit\u00e1rio Chuveiro - LocLux\" \/>\n<meta property=\"og:description\" content=\"Produ\u00e7\u00e3o de m\u00f3dulo para loca\u00e7\u00e3o sobre base met\u00e1lica, modelo: Codigo 14 - Sanit\u00e1rio Chuveiro Dimens\u00f5es externa 2,64m Larg x 6,14m Comp. x 2,87 Alt. Dimens\u00f5es Interna 2,50m Larg x 6,00m Comp. x 2,50 Alt.\u00a0 ) Itens inclusos\u00a0 Revestimentos:\u00a0    Paredes com pain\u00e9is Flexmade Aparentes  Placa cimenticia aparente com revestimento de piso cer\u00e2mica  Forro em r\u00e9guas de PVC branco liso no teto, Recomendado a pagina\u00e7\u00e3o ser pelo menor lado (2,50m)  Ponto acima da porta para l\u00e2mpada de Emerg\u00eancia Plug and play\" \/>\n<meta property=\"og:url\" content=\"https:\/\/sucesso.gbcreative.com.br\/loclux\/produto\/sanitario-chuveiro\/\" \/>\n<meta property=\"og:site_name\" content=\"LocLux\" \/>\n<meta property=\"article:modified_time\" content=\"2025-05-16T20:02:38+00:00\" \/>\n<meta property=\"og:image\" content=\"https:\/\/sucesso.gbcreative.com.br\/loclux\/wp-content\/uploads\/2025\/03\/WhatsApp-Image-2025-05-15-at-13.08.50.jpeg\" \/>\n\t<meta property=\"og:image:width\" content=\"1600\" \/>\n\t<meta property=\"og:image:height\" content=\"900\" \/>\n\t<meta property=\"og:image:type\" content=\"image\/jpeg\" \/>\n<meta name=\"twitter:card\" content=\"summary_large_image\" \/>\n<meta name=\"twitter:label1\" content=\"Est. tempo de leitura\" \/>\n\t<meta name=\"twitter:data1\" content=\"1 minuto\" \/>\n<script type=\"application\/ld+json\" class=\"yoast-schema-graph\">{\"@context\":\"https:\/\/schema.org\",\"@graph\":[{\"@type\":\"WebPage\",\"@id\":\"https:\/\/sucesso.gbcreative.com.br\/loclux\/produto\/sanitario-chuveiro\/\",\"url\":\"https:\/\/sucesso.gbcreative.com.br\/loclux\/produto\/sanitario-chuveiro\/\",\"name\":\"Sanit\u00e1rio Chuveiro - LocLux\",\"isPartOf\":{\"@id\":\"https:\/\/sucesso.gbcreative.com.br\/loclux\/#website\"},\"primaryImageOfPage\":{\"@id\":\"https:\/\/sucesso.gbcreative.com.br\/loclux\/produto\/sanitario-chuveiro\/#primaryimage\"},\"image\":{\"@id\":\"https:\/\/sucesso.gbcreative.com.br\/loclux\/produto\/sanitario-chuveiro\/#primaryimage\"},\"thumbnailUrl\":\"https:\/\/sucesso.gbcreative.com.br\/loclux\/wp-content\/uploads\/2025\/03\/WhatsApp-Image-2025-05-15-at-13.08.50.jpeg\",\"datePublished\":\"2025-03-25T14:04:28+00:00\",\"dateModified\":\"2025-05-16T20:02:38+00:00\",\"breadcrumb\":{\"@id\":\"https:\/\/sucesso.gbcreative.com.br\/loclux\/produto\/sanitario-chuveiro\/#breadcrumb\"},\"inLanguage\":\"pt-BR\",\"potentialAction\":[{\"@type\":\"ReadAction\",\"target\":[\"https:\/\/sucesso.gbcreative.com.br\/loclux\/produto\/sanitario-chuveiro\/\"]}]},{\"@type\":\"ImageObject\",\"inLanguage\":\"pt-BR\",\"@id\":\"https:\/\/sucesso.gbcreative.com.br\/loclux\/produto\/sanitario-chuveiro\/#primaryimage\",\"url\":\"https:\/\/sucesso.gbcreative.com.br\/loclux\/wp-content\/uploads\/2025\/03\/WhatsApp-Image-2025-05-15-at-13.08.50.jpeg\",\"contentUrl\":\"https:\/\/sucesso.gbcreative.com.br\/loclux\/wp-content\/uploads\/2025\/03\/WhatsApp-Image-2025-05-15-at-13.08.50.jpeg\",\"width\":1600,\"height\":900},{\"@type\":\"BreadcrumbList\",\"@id\":\"https:\/\/sucesso.gbcreative.com.br\/loclux\/produto\/sanitario-chuveiro\/#breadcrumb\",\"itemListElement\":[{\"@type\":\"ListItem\",\"position\":1,\"name\":\"In\u00edcio\",\"item\":\"https:\/\/sucesso.gbcreative.com.br\/loclux\/\"},{\"@type\":\"ListItem\",\"position\":2,\"name\":\"Loja\",\"item\":\"https:\/\/sucesso.gbcreative.com.br\/loclux\/loja\/\"},{\"@type\":\"ListItem\",\"position\":3,\"name\":\"Sanit\u00e1rio Chuveiro\"}]},{\"@type\":\"WebSite\",\"@id\":\"https:\/\/sucesso.gbcreative.com.br\/loclux\/#website\",\"url\":\"https:\/\/sucesso.gbcreative.com.br\/loclux\/\",\"name\":\"LocLux\",\"description\":\"\",\"publisher\":{\"@id\":\"https:\/\/sucesso.gbcreative.com.br\/loclux\/#organization\"},\"potentialAction\":[{\"@type\":\"SearchAction\",\"target\":{\"@type\":\"EntryPoint\",\"urlTemplate\":\"https:\/\/sucesso.gbcreative.com.br\/loclux\/?s={search_term_string}\"},\"query-input\":{\"@type\":\"PropertyValueSpecification\",\"valueRequired\":true,\"valueName\":\"search_term_string\"}}],\"inLanguage\":\"pt-BR\"},{\"@type\":\"Organization\",\"@id\":\"https:\/\/sucesso.gbcreative.com.br\/loclux\/#organization\",\"name\":\"LocLux\",\"url\":\"https:\/\/sucesso.gbcreative.com.br\/loclux\/\",\"logo\":{\"@type\":\"ImageObject\",\"inLanguage\":\"pt-BR\",\"@id\":\"https:\/\/sucesso.gbcreative.com.br\/loclux\/#\/schema\/logo\/image\/\",\"url\":\"https:\/\/sucesso.gbcreative.com.br\/loclux\/wp-content\/uploads\/2025\/02\/logo.png\",\"contentUrl\":\"https:\/\/sucesso.gbcreative.com.br\/loclux\/wp-content\/uploads\/2025\/02\/logo.png\",\"width\":141,\"height\":81,\"caption\":\"LocLux\"},\"image\":{\"@id\":\"https:\/\/sucesso.gbcreative.com.br\/loclux\/#\/schema\/logo\/image\/\"}}]}<\/script>\n<!-- \/ Yoast SEO plugin. -->","yoast_head_json":{"title":"Sanit\u00e1rio Chuveiro - LocLux","robots":{"index":"noindex","follow":"follow","max-snippet":"max-snippet:-1","max-image-preview":"max-image-preview:large","max-video-preview":"max-video-preview:-1"},"og_locale":"pt_BR","og_type":"article","og_title":"Sanit\u00e1rio Chuveiro - LocLux","og_description":"Produ\u00e7\u00e3o de m\u00f3dulo para loca\u00e7\u00e3o sobre base met\u00e1lica, modelo: Codigo 14 - Sanit\u00e1rio Chuveiro Dimens\u00f5es externa 2,64m Larg x 6,14m Comp. x 2,87 Alt. Dimens\u00f5es Interna 2,50m Larg x 6,00m Comp. x 2,50 Alt.\u00a0 ) Itens inclusos\u00a0 Revestimentos:\u00a0    Paredes com pain\u00e9is Flexmade Aparentes  Placa cimenticia aparente com revestimento de piso cer\u00e2mica  Forro em r\u00e9guas de PVC branco liso no teto, Recomendado a pagina\u00e7\u00e3o ser pelo menor lado (2,50m)  Ponto acima da porta para l\u00e2mpada de Emerg\u00eancia Plug and play","og_url":"https:\/\/sucesso.gbcreative.com.br\/loclux\/produto\/sanitario-chuveiro\/","og_site_name":"LocLux","article_modified_time":"2025-05-16T20:02:38+00:00","og_image":[{"width":1600,"height":900,"url":"https:\/\/sucesso.gbcreative.com.br\/loclux\/wp-content\/uploads\/2025\/03\/WhatsApp-Image-2025-05-15-at-13.08.50.jpeg","type":"image\/jpeg"}],"twitter_card":"summary_large_image","twitter_misc":{"Est. tempo de leitura":"1 minuto"},"schema":{"@context":"https:\/\/schema.org","@graph":[{"@type":"WebPage","@id":"https:\/\/sucesso.gbcreative.com.br\/loclux\/produto\/sanitario-chuveiro\/","url":"https:\/\/sucesso.gbcreative.com.br\/loclux\/produto\/sanitario-chuveiro\/","name":"Sanit\u00e1rio Chuveiro - LocLux","isPartOf":{"@id":"https:\/\/sucesso.gbcreative.com.br\/loclux\/#website"},"primaryImageOfPage":{"@id":"https:\/\/sucesso.gbcreative.com.br\/loclux\/produto\/sanitario-chuveiro\/#primaryimage"},"image":{"@id":"https:\/\/sucesso.gbcreative.com.br\/loclux\/produto\/sanitario-chuveiro\/#primaryimage"},"thumbnailUrl":"https:\/\/sucesso.gbcreative.com.br\/loclux\/wp-content\/uploads\/2025\/03\/WhatsApp-Image-2025-05-15-at-13.08.50.jpeg","datePublished":"2025-03-25T14:04:28+00:00","dateModified":"2025-05-16T20:02:38+00:00","breadcrumb":{"@id":"https:\/\/sucesso.gbcreative.com.br\/loclux\/produto\/sanitario-chuveiro\/#breadcrumb"},"inLanguage":"pt-BR","potentialAction":[{"@type":"ReadAction","target":["https:\/\/sucesso.gbcreative.com.br\/loclux\/produto\/sanitario-chuveiro\/"]}]},{"@type":"ImageObject","inLanguage":"pt-BR","@id":"https:\/\/sucesso.gbcreative.com.br\/loclux\/produto\/sanitario-chuveiro\/#primaryimage","url":"https:\/\/sucesso.gbcreative.com.br\/loclux\/wp-content\/uploads\/2025\/03\/WhatsApp-Image-2025-05-15-at-13.08.50.jpeg","contentUrl":"https:\/\/sucesso.gbcreative.com.br\/loclux\/wp-content\/uploads\/2025\/03\/WhatsApp-Image-2025-05-15-at-13.08.50.jpeg","width":1600,"height":900},{"@type":"BreadcrumbList","@id":"https:\/\/sucesso.gbcreative.com.br\/loclux\/produto\/sanitario-chuveiro\/#breadcrumb","itemListElement":[{"@type":"ListItem","position":1,"name":"In\u00edcio","item":"https:\/\/sucesso.gbcreative.com.br\/loclux\/"},{"@type":"ListItem","position":2,"name":"Loja","item":"https:\/\/sucesso.gbcreative.com.br\/loclux\/loja\/"},{"@type":"ListItem","position":3,"name":"Sanit\u00e1rio Chuveiro"}]},{"@type":"WebSite","@id":"https:\/\/sucesso.gbcreative.com.br\/loclux\/#website","url":"https:\/\/sucesso.gbcreative.com.br\/loclux\/","name":"LocLux","description":"","publisher":{"@id":"https:\/\/sucesso.gbcreative.com.br\/loclux\/#organization"},"potentialAction":[{"@type":"SearchAction","target":{"@type":"EntryPoint","urlTemplate":"https:\/\/sucesso.gbcreative.com.br\/loclux\/?s={search_term_string}"},"query-input":{"@type":"PropertyValueSpecification","valueRequired":true,"valueName":"search_term_string"}}],"inLanguage":"pt-BR"},{"@type":"Organization","@id":"https:\/\/sucesso.gbcreative.com.br\/loclux\/#organization","name":"LocLux","url":"https:\/\/sucesso.gbcreative.com.br\/loclux\/","logo":{"@type":"ImageObject","inLanguage":"pt-BR","@id":"https:\/\/sucesso.gbcreative.com.br\/loclux\/#\/schema\/logo\/image\/","url":"https:\/\/sucesso.gbcreative.com.br\/loclux\/wp-content\/uploads\/2025\/02\/logo.png","contentUrl":"https:\/\/sucesso.gbcreative.com.br\/loclux\/wp-content\/uploads\/2025\/02\/logo.png","width":141,"height":81,"caption":"LocLux"},"image":{"@id":"https:\/\/sucesso.gbcreative.com.br\/loclux\/#\/schema\/logo\/image\/"}}]}},"jetpack_sharing_enabled":true,"_links":{"self":[{"href":"https:\/\/sucesso.gbcreative.com.br\/loclux\/wp-json\/wp\/v2\/product\/2038","targetHints":{"allow":["GET"]}}],"collection":[{"href":"https:\/\/sucesso.gbcreative.com.br\/loclux\/wp-json\/wp\/v2\/product"}],"about":[{"href":"https:\/\/sucesso.gbcreative.com.br\/loclux\/wp-json\/wp\/v2\/types\/product"}],"replies":[{"embeddable":true,"href":"https:\/\/sucesso.gbcreative.com.br\/loclux\/wp-json\/wp\/v2\/comments?post=2038"}],"wp:featuredmedia":[{"embeddable":true,"href":"https:\/\/sucesso.gbcreative.com.br\/loclux\/wp-json\/wp\/v2\/media\/3134"}],"wp:attachment":[{"href":"https:\/\/sucesso.gbcreative.com.br\/loclux\/wp-json\/wp\/v2\/media?parent=2038"}],"wp:term":[{"taxonomy":"product_brand","embeddable":true,"href":"https:\/\/sucesso.gbcreative.com.br\/loclux\/wp-json\/wp\/v2\/product_brand?post=2038"},{"taxonomy":"product_cat","embeddable":true,"href":"https:\/\/sucesso.gbcreative.com.br\/loclux\/wp-json\/wp\/v2\/product_cat?post=2038"},{"taxonomy":"product_tag","embeddable":true,"href":"https:\/\/sucesso.gbcreative.com.br\/loclux\/wp-json\/wp\/v2\/product_tag?post=2038"}],"curies":[{"name":"wp","href":"https:\/\/api.w.org\/{rel}","templated":true}]}}