{"id":2047,"date":"2025-03-25T14:05:40","date_gmt":"2025-03-25T14:05:40","guid":{"rendered":"https:\/\/sucesso.gbcreative.com.br\/loclux\/?post_type=product&#038;p=2047"},"modified":"2025-05-20T18:23:38","modified_gmt":"2025-05-20T18:23:38","slug":"guarita","status":"publish","type":"product","link":"https:\/\/sucesso.gbcreative.com.br\/loclux\/produto\/guarita\/","title":{"rendered":"Guarita"},"content":{"rendered":"<div>\n<p class=\"titulo-descricao-produto\">Acess\u00f3rios<\/p>\n<ul>\n<li>Porta de alum\u00ednio de 2,00mx1,00m.<\/li>\n<li>Janelas em alum\u00ednio 1,00m x 1,00m<\/li>\n<li>Interruptor<\/li>\n<li>Tomadas<\/li>\n<li>l\u00e2mpadas internas<\/li>\n<li>Ponto acima da porta para l\u00e2mpada de Emerg\u00eancia<\/li>\n<li>Plug and play<\/li>\n<\/ul>\n<\/div>\n<div>\n<p class=\"titulo-descricao-produto\">Opcionais<\/p>\n<p>Prepara\u00e7\u00e3o para Ar-condicionado ACJ ou Split<\/p>\n<p class=\"titulo-descricao-produto\">Possibilidade de acoplar com outros m\u00f3dulos.<\/p>\n<p><a class=\"saiba-mais-acoplados\" href=\"\/loclux#acoplados\">Saiba mais<\/a><\/p>\n<p class=\"titulo-descricao-produto\">Informa\u00e7\u00f5es importantes:<\/p>\n<p>Ap\u00f3s solicitar cota\u00e7\u00e3o, nossa equipe comercial entrar\u00e1 em contato para concluir especifica\u00e7\u00f5es do projeto, tr\u00e2mites financeiros, log\u00edsticos e prazo de entrega.<\/p>\n<\/div>\n","protected":false},"excerpt":{"rendered":"<p class=\"titulo-descricao-produto\">Produ\u00e7\u00e3o de m\u00f3dulo para loca\u00e7\u00e3o sobre base met\u00e1lica, modelo:<\/p>\n<p>C\u00f3digo 29 &#8211; Guarita<br \/>\nDimens\u00f5es externa 2,64m Larg x 3,14m Comp. x 2,87 Alt.<br \/>\nDimens\u00f5es Interna 2,50m Larg x 3,00m Comp. x 2,50 Alt.<br \/>\nRede el\u00e9trica 220v<\/p>\n<p class=\"titulo-descricao-produto\"><b>Revestimentos:\u00a0<\/b><\/p>\n<ul>\n<li style=\"font-weight: 400;\" aria-level=\"1\"><span style=\"font-weight: 400;\">Com pain\u00e9is Flexmade Aparentes<\/span><\/li>\n<li style=\"font-weight: 400;\" aria-level=\"1\"><span style=\"font-weight: 400;\">Revestimento interno Chapa de Drywall Standard nas paredes<\/span><\/li>\n<li style=\"font-weight: 400;\" aria-level=\"1\"><span style=\"font-weight: 400;\">Forro em r\u00e9guas de PVC branco liso no teto<\/span><\/li>\n<li style=\"font-weight: 400;\" aria-level=\"1\"><span style=\"font-weight: 400;\">Placa ciment\u00edcia com revestimento de piso cer\u00e2mica<\/span><\/li>\n<\/ul>\n","protected":false},"featured_media":2216,"comment_status":"open","ping_status":"closed","template":"","meta":[],"product_brand":[],"product_cat":[32],"product_tag":[],"class_list":{"0":"post-2047","1":"product","2":"type-product","3":"status-publish","4":"has-post-thumbnail","6":"product_cat-modulo-com-acabamento-interno-em-drywall","8":"first","9":"instock","10":"shipping-taxable","11":"purchasable","12":"product-type-simple"},"yoast_head":"<!-- This site is optimized with the Yoast SEO plugin v25.1 - https:\/\/yoast.com\/wordpress\/plugins\/seo\/ -->\n<title>Guarita - LocLux<\/title>\n<meta name=\"robots\" content=\"noindex, follow, max-snippet:-1, max-image-preview:large, max-video-preview:-1\" \/>\n<meta property=\"og:locale\" content=\"pt_BR\" \/>\n<meta property=\"og:type\" content=\"article\" \/>\n<meta property=\"og:title\" content=\"Guarita - LocLux\" \/>\n<meta property=\"og:description\" content=\"Produ\u00e7\u00e3o de m\u00f3dulo para loca\u00e7\u00e3o sobre base met\u00e1lica, modelo: C\u00f3digo 29 - Guarita Dimens\u00f5es externa 2,64m Larg x 3,14m Comp. x 2,87 Alt. Dimens\u00f5es Interna 2,50m Larg x 3,00m Comp. x 2,50 Alt. Rede el\u00e9trica 220v Revestimentos:\u00a0    Com pain\u00e9is Flexmade Aparentes  Revestimento interno Chapa de Drywall Standard nas paredes  Forro em r\u00e9guas de PVC branco liso no teto  Placa ciment\u00edcia com revestimento de piso cer\u00e2mica\" \/>\n<meta property=\"og:url\" content=\"https:\/\/sucesso.gbcreative.com.br\/loclux\/produto\/guarita\/\" \/>\n<meta property=\"og:site_name\" content=\"LocLux\" \/>\n<meta property=\"article:modified_time\" content=\"2025-05-20T18:23:38+00:00\" \/>\n<meta property=\"og:image\" content=\"https:\/\/sucesso.gbcreative.com.br\/loclux\/wp-content\/uploads\/2025\/03\/LOCLUX29.png\" \/>\n\t<meta property=\"og:image:width\" content=\"532\" \/>\n\t<meta property=\"og:image:height\" content=\"385\" \/>\n\t<meta property=\"og:image:type\" content=\"image\/png\" \/>\n<meta name=\"twitter:card\" content=\"summary_large_image\" \/>\n<meta name=\"twitter:label1\" content=\"Est. tempo de leitura\" \/>\n\t<meta name=\"twitter:data1\" content=\"1 minuto\" \/>\n<script type=\"application\/ld+json\" class=\"yoast-schema-graph\">{\"@context\":\"https:\/\/schema.org\",\"@graph\":[{\"@type\":\"WebPage\",\"@id\":\"https:\/\/sucesso.gbcreative.com.br\/loclux\/produto\/guarita\/\",\"url\":\"https:\/\/sucesso.gbcreative.com.br\/loclux\/produto\/guarita\/\",\"name\":\"Guarita - LocLux\",\"isPartOf\":{\"@id\":\"https:\/\/sucesso.gbcreative.com.br\/loclux\/#website\"},\"primaryImageOfPage\":{\"@id\":\"https:\/\/sucesso.gbcreative.com.br\/loclux\/produto\/guarita\/#primaryimage\"},\"image\":{\"@id\":\"https:\/\/sucesso.gbcreative.com.br\/loclux\/produto\/guarita\/#primaryimage\"},\"thumbnailUrl\":\"https:\/\/sucesso.gbcreative.com.br\/loclux\/wp-content\/uploads\/2025\/03\/LOCLUX29.png\",\"datePublished\":\"2025-03-25T14:05:40+00:00\",\"dateModified\":\"2025-05-20T18:23:38+00:00\",\"breadcrumb\":{\"@id\":\"https:\/\/sucesso.gbcreative.com.br\/loclux\/produto\/guarita\/#breadcrumb\"},\"inLanguage\":\"pt-BR\",\"potentialAction\":[{\"@type\":\"ReadAction\",\"target\":[\"https:\/\/sucesso.gbcreative.com.br\/loclux\/produto\/guarita\/\"]}]},{\"@type\":\"ImageObject\",\"inLanguage\":\"pt-BR\",\"@id\":\"https:\/\/sucesso.gbcreative.com.br\/loclux\/produto\/guarita\/#primaryimage\",\"url\":\"https:\/\/sucesso.gbcreative.com.br\/loclux\/wp-content\/uploads\/2025\/03\/LOCLUX29.png\",\"contentUrl\":\"https:\/\/sucesso.gbcreative.com.br\/loclux\/wp-content\/uploads\/2025\/03\/LOCLUX29.png\",\"width\":532,\"height\":385},{\"@type\":\"BreadcrumbList\",\"@id\":\"https:\/\/sucesso.gbcreative.com.br\/loclux\/produto\/guarita\/#breadcrumb\",\"itemListElement\":[{\"@type\":\"ListItem\",\"position\":1,\"name\":\"In\u00edcio\",\"item\":\"https:\/\/sucesso.gbcreative.com.br\/loclux\/\"},{\"@type\":\"ListItem\",\"position\":2,\"name\":\"Loja\",\"item\":\"https:\/\/sucesso.gbcreative.com.br\/loclux\/loja\/\"},{\"@type\":\"ListItem\",\"position\":3,\"name\":\"Guarita\"}]},{\"@type\":\"WebSite\",\"@id\":\"https:\/\/sucesso.gbcreative.com.br\/loclux\/#website\",\"url\":\"https:\/\/sucesso.gbcreative.com.br\/loclux\/\",\"name\":\"LocLux\",\"description\":\"\",\"publisher\":{\"@id\":\"https:\/\/sucesso.gbcreative.com.br\/loclux\/#organization\"},\"potentialAction\":[{\"@type\":\"SearchAction\",\"target\":{\"@type\":\"EntryPoint\",\"urlTemplate\":\"https:\/\/sucesso.gbcreative.com.br\/loclux\/?s={search_term_string}\"},\"query-input\":{\"@type\":\"PropertyValueSpecification\",\"valueRequired\":true,\"valueName\":\"search_term_string\"}}],\"inLanguage\":\"pt-BR\"},{\"@type\":\"Organization\",\"@id\":\"https:\/\/sucesso.gbcreative.com.br\/loclux\/#organization\",\"name\":\"LocLux\",\"url\":\"https:\/\/sucesso.gbcreative.com.br\/loclux\/\",\"logo\":{\"@type\":\"ImageObject\",\"inLanguage\":\"pt-BR\",\"@id\":\"https:\/\/sucesso.gbcreative.com.br\/loclux\/#\/schema\/logo\/image\/\",\"url\":\"https:\/\/sucesso.gbcreative.com.br\/loclux\/wp-content\/uploads\/2025\/02\/logo.png\",\"contentUrl\":\"https:\/\/sucesso.gbcreative.com.br\/loclux\/wp-content\/uploads\/2025\/02\/logo.png\",\"width\":141,\"height\":81,\"caption\":\"LocLux\"},\"image\":{\"@id\":\"https:\/\/sucesso.gbcreative.com.br\/loclux\/#\/schema\/logo\/image\/\"}}]}<\/script>\n<!-- \/ Yoast SEO plugin. -->","yoast_head_json":{"title":"Guarita - LocLux","robots":{"index":"noindex","follow":"follow","max-snippet":"max-snippet:-1","max-image-preview":"max-image-preview:large","max-video-preview":"max-video-preview:-1"},"og_locale":"pt_BR","og_type":"article","og_title":"Guarita - LocLux","og_description":"Produ\u00e7\u00e3o de m\u00f3dulo para loca\u00e7\u00e3o sobre base met\u00e1lica, modelo: C\u00f3digo 29 - Guarita Dimens\u00f5es externa 2,64m Larg x 3,14m Comp. x 2,87 Alt. Dimens\u00f5es Interna 2,50m Larg x 3,00m Comp. x 2,50 Alt. Rede el\u00e9trica 220v Revestimentos:\u00a0    Com pain\u00e9is Flexmade Aparentes  Revestimento interno Chapa de Drywall Standard nas paredes  Forro em r\u00e9guas de PVC branco liso no teto  Placa ciment\u00edcia com revestimento de piso cer\u00e2mica","og_url":"https:\/\/sucesso.gbcreative.com.br\/loclux\/produto\/guarita\/","og_site_name":"LocLux","article_modified_time":"2025-05-20T18:23:38+00:00","og_image":[{"width":532,"height":385,"url":"https:\/\/sucesso.gbcreative.com.br\/loclux\/wp-content\/uploads\/2025\/03\/LOCLUX29.png","type":"image\/png"}],"twitter_card":"summary_large_image","twitter_misc":{"Est. tempo de leitura":"1 minuto"},"schema":{"@context":"https:\/\/schema.org","@graph":[{"@type":"WebPage","@id":"https:\/\/sucesso.gbcreative.com.br\/loclux\/produto\/guarita\/","url":"https:\/\/sucesso.gbcreative.com.br\/loclux\/produto\/guarita\/","name":"Guarita - LocLux","isPartOf":{"@id":"https:\/\/sucesso.gbcreative.com.br\/loclux\/#website"},"primaryImageOfPage":{"@id":"https:\/\/sucesso.gbcreative.com.br\/loclux\/produto\/guarita\/#primaryimage"},"image":{"@id":"https:\/\/sucesso.gbcreative.com.br\/loclux\/produto\/guarita\/#primaryimage"},"thumbnailUrl":"https:\/\/sucesso.gbcreative.com.br\/loclux\/wp-content\/uploads\/2025\/03\/LOCLUX29.png","datePublished":"2025-03-25T14:05:40+00:00","dateModified":"2025-05-20T18:23:38+00:00","breadcrumb":{"@id":"https:\/\/sucesso.gbcreative.com.br\/loclux\/produto\/guarita\/#breadcrumb"},"inLanguage":"pt-BR","potentialAction":[{"@type":"ReadAction","target":["https:\/\/sucesso.gbcreative.com.br\/loclux\/produto\/guarita\/"]}]},{"@type":"ImageObject","inLanguage":"pt-BR","@id":"https:\/\/sucesso.gbcreative.com.br\/loclux\/produto\/guarita\/#primaryimage","url":"https:\/\/sucesso.gbcreative.com.br\/loclux\/wp-content\/uploads\/2025\/03\/LOCLUX29.png","contentUrl":"https:\/\/sucesso.gbcreative.com.br\/loclux\/wp-content\/uploads\/2025\/03\/LOCLUX29.png","width":532,"height":385},{"@type":"BreadcrumbList","@id":"https:\/\/sucesso.gbcreative.com.br\/loclux\/produto\/guarita\/#breadcrumb","itemListElement":[{"@type":"ListItem","position":1,"name":"In\u00edcio","item":"https:\/\/sucesso.gbcreative.com.br\/loclux\/"},{"@type":"ListItem","position":2,"name":"Loja","item":"https:\/\/sucesso.gbcreative.com.br\/loclux\/loja\/"},{"@type":"ListItem","position":3,"name":"Guarita"}]},{"@type":"WebSite","@id":"https:\/\/sucesso.gbcreative.com.br\/loclux\/#website","url":"https:\/\/sucesso.gbcreative.com.br\/loclux\/","name":"LocLux","description":"","publisher":{"@id":"https:\/\/sucesso.gbcreative.com.br\/loclux\/#organization"},"potentialAction":[{"@type":"SearchAction","target":{"@type":"EntryPoint","urlTemplate":"https:\/\/sucesso.gbcreative.com.br\/loclux\/?s={search_term_string}"},"query-input":{"@type":"PropertyValueSpecification","valueRequired":true,"valueName":"search_term_string"}}],"inLanguage":"pt-BR"},{"@type":"Organization","@id":"https:\/\/sucesso.gbcreative.com.br\/loclux\/#organization","name":"LocLux","url":"https:\/\/sucesso.gbcreative.com.br\/loclux\/","logo":{"@type":"ImageObject","inLanguage":"pt-BR","@id":"https:\/\/sucesso.gbcreative.com.br\/loclux\/#\/schema\/logo\/image\/","url":"https:\/\/sucesso.gbcreative.com.br\/loclux\/wp-content\/uploads\/2025\/02\/logo.png","contentUrl":"https:\/\/sucesso.gbcreative.com.br\/loclux\/wp-content\/uploads\/2025\/02\/logo.png","width":141,"height":81,"caption":"LocLux"},"image":{"@id":"https:\/\/sucesso.gbcreative.com.br\/loclux\/#\/schema\/logo\/image\/"}}]}},"jetpack_sharing_enabled":true,"_links":{"self":[{"href":"https:\/\/sucesso.gbcreative.com.br\/loclux\/wp-json\/wp\/v2\/product\/2047","targetHints":{"allow":["GET"]}}],"collection":[{"href":"https:\/\/sucesso.gbcreative.com.br\/loclux\/wp-json\/wp\/v2\/product"}],"about":[{"href":"https:\/\/sucesso.gbcreative.com.br\/loclux\/wp-json\/wp\/v2\/types\/product"}],"replies":[{"embeddable":true,"href":"https:\/\/sucesso.gbcreative.com.br\/loclux\/wp-json\/wp\/v2\/comments?post=2047"}],"wp:featuredmedia":[{"embeddable":true,"href":"https:\/\/sucesso.gbcreative.com.br\/loclux\/wp-json\/wp\/v2\/media\/2216"}],"wp:attachment":[{"href":"https:\/\/sucesso.gbcreative.com.br\/loclux\/wp-json\/wp\/v2\/media?parent=2047"}],"wp:term":[{"taxonomy":"product_brand","embeddable":true,"href":"https:\/\/sucesso.gbcreative.com.br\/loclux\/wp-json\/wp\/v2\/product_brand?post=2047"},{"taxonomy":"product_cat","embeddable":true,"href":"https:\/\/sucesso.gbcreative.com.br\/loclux\/wp-json\/wp\/v2\/product_cat?post=2047"},{"taxonomy":"product_tag","embeddable":true,"href":"https:\/\/sucesso.gbcreative.com.br\/loclux\/wp-json\/wp\/v2\/product_tag?post=2047"}],"curies":[{"name":"wp","href":"https:\/\/api.w.org\/{rel}","templated":true}]}}